{"id":84911,"date":"2023-12-12T16:22:05","date_gmt":"2023-12-12T15:22:05","guid":{"rendered":"https:\/\/spirit-am.ch\/nachhaltige-investitionen\/"},"modified":"2025-12-16T23:15:07","modified_gmt":"2025-12-16T22:15:07","slug":"nachhaltige-investitionen","status":"publish","type":"page","link":"https:\/\/spirit-am.ch\/de\/nachhaltige-investitionen\/","title":{"rendered":"Nachhaltige Investitionen"},"content":{"rendered":"<p>[et_pb_section fb_built=&#8220;1&#8243; custom_padding_last_edited=&#8220;on|phone&#8220; _builder_version=&#8220;4.23.1&#8243; _module_preset=&#8220;default&#8220; background_color=&#8220;#f7f7f7&#8243; custom_margin=&#8220;0px||0px||false|false&#8220; custom_padding=&#8220;80px||80px||true|false&#8220; custom_padding_tablet=&#8220;50px||50px||false|false&#8220; custom_padding_phone=&#8220;50px||50px||false|false&#8220; locked=&#8220;off&#8220; global_colors_info=&#8220;{}&#8220;][et_pb_row _builder_version=&#8220;4.23.1&#8243; _module_preset=&#8220;default&#8220; width=&#8220;90%&#8220; max_width=&#8220;1200px&#8220; custom_margin=&#8220;0px||0px||false|false&#8220; custom_margin_tablet=&#8220;0px||120px||false|false&#8220; custom_margin_phone=&#8220;0px||90px||false|false&#8220; custom_margin_last_edited=&#8220;off|desktop&#8220; custom_padding=&#8220;0px||0px||false|false&#8220; global_colors_info=&#8220;{}&#8220;][et_pb_column type=&#8220;4_4&#8243; _builder_version=&#8220;4.18.0&#8243; _module_preset=&#8220;default&#8220; animation_style=&#8220;fade&#8220; animation_duration=&#8220;900ms&#8220; animation_speed_curve=&#8220;ease&#8220; global_colors_info=&#8220;{}&#8220;][et_pb_text _builder_version=&#8220;4.23.1&#8243; _module_preset=&#8220;default&#8220; header_font=&#8220;DM Sans|700|||||||&#8220; header_text_align=&#8220;left&#8220; header_text_color=&#8220;#0e0a28&#8243; header_font_size=&#8220;38px&#8220; header_letter_spacing=&#8220;-2px&#8220; custom_margin=&#8220;0px||7px||false|false&#8220; custom_padding=&#8220;0px||0px||false|false&#8220; hover_enabled=&#8220;0&#8243; header_font_size_tablet=&#8220;55px&#8220; header_font_size_phone=&#8220;36px&#8220; header_font_size_last_edited=&#8220;on|desktop&#8220; global_colors_info=&#8220;{}&#8220; sticky_enabled=&#8220;0&#8243;]<\/p>\n<h1>Nachhaltige Investitionen<\/h1>\n<p>[\/et_pb_text][\/et_pb_column][\/et_pb_row][\/et_pb_section][et_pb_section fb_built=&#8220;1&#8243; custom_padding_last_edited=&#8220;on|phone&#8220; _builder_version=&#8220;4.18.0&#8243; _module_preset=&#8220;default&#8220; custom_margin=&#8220;0px||0px||false|false&#8220; custom_padding=&#8220;120px||3px||false|false&#8220; custom_padding_tablet=&#8220;120px||120px||false|false&#8220; custom_padding_phone=&#8220;90px||90px||false|false&#8220; locked=&#8220;off&#8220; global_colors_info=&#8220;{}&#8220;][et_pb_row column_structure=&#8220;1_2,1_2&#8243; use_custom_gutter=&#8220;on&#8220; gutter_width=&#8220;1&#8243; _builder_version=&#8220;4.18.0&#8243; _module_preset=&#8220;default&#8220; width=&#8220;90%&#8220; max_width=&#8220;1210px&#8220; custom_margin=&#8220;0px||120px||false|false&#8220; custom_margin_tablet=&#8220;0px||120px||false|false&#8220; custom_margin_phone=&#8220;0px||90px||false|false&#8220; custom_margin_last_edited=&#8220;on|phone&#8220; custom_padding=&#8220;0px||0px||false|false&#8220; global_colors_info=&#8220;{}&#8220;][et_pb_column type=&#8220;1_2&#8243; _builder_version=&#8220;4.18.0&#8243; _module_preset=&#8220;default&#8220; animation_style=&#8220;fade&#8220; animation_duration=&#8220;900ms&#8220; animation_speed_curve=&#8220;ease&#8220; global_colors_info=&#8220;{}&#8220;][et_pb_text _builder_version=&#8220;4.23.1&#8243; _module_preset=&#8220;default&#8220; header_2_font=&#8220;DM Sans||||||||&#8220; header_2_text_align=&#8220;left&#8220; header_2_text_color=&#8220;#0e0a28&#8243; header_2_font_size=&#8220;35px&#8220; header_2_letter_spacing=&#8220;-1px&#8220; header_2_line_height=&#8220;1.3em&#8220; background_color=&#8220;RGBA(255,255,255,0)&#8220; max_width=&#8220;400px&#8220; max_width_tablet=&#8220;100%&#8220; max_width_phone=&#8220;100%&#8220; max_width_last_edited=&#8220;on|tablet&#8220; custom_margin=&#8220;0px||16px||false|false&#8220; custom_padding=&#8220;0px||0px||false|false&#8220; hover_enabled=&#8220;0&#8243; header_2_font_size_tablet=&#8220;39px&#8220; header_2_font_size_phone=&#8220;27px&#8220; header_2_font_size_last_edited=&#8220;on|phone&#8220; global_colors_info=&#8220;{}&#8220; sticky_enabled=&#8220;0&#8243;]<\/p>\n<h2>Die SFDR-Verordnung<\/h2>\n<p>[\/et_pb_text][et_pb_text _builder_version=&#8220;4.23.1&#8243; _module_preset=&#8220;default&#8220; text_font=&#8220;Mulish||||||||&#8220; text_text_color=&#8220;#8081a4&#8243; text_font_size=&#8220;19px&#8220; text_line_height=&#8220;1.8em&#8220; max_width=&#8220;440px&#8220; max_width_tablet=&#8220;100%&#8220; max_width_phone=&#8220;100%&#8220; max_width_last_edited=&#8220;on|tablet&#8220; custom_margin=&#8220;0px||33px||false|false&#8220; custom_padding=&#8220;0px||0px||false|false&#8220; hover_enabled=&#8220;0&#8243; locked=&#8220;off&#8220; global_colors_info=&#8220;{}&#8220; sticky_enabled=&#8220;0&#8243;]<\/p>\n<p style=\"text-align: justify;\">Die SFDR-Verordnung (Sustainable Finance Disclosure Regulation) sieht die Verpflichtung zur Ver\u00f6ffentlichung von Informationen im Bereich nachhaltiger Investitionen vor.<\/p>\n<p>[\/et_pb_text][\/et_pb_column][et_pb_column type=&#8220;1_2&#8243; _builder_version=&#8220;4.18.0&#8243; _module_preset=&#8220;default&#8220; global_colors_info=&#8220;{}&#8220;][et_pb_text _builder_version=&#8220;4.23.1&#8243; _module_preset=&#8220;default&#8220; text_font=&#8220;Mulish||||||||&#8220; text_text_color=&#8220;#8081a4&#8243; text_font_size=&#8220;16px&#8220; text_line_height=&#8220;1.8em&#8220; max_width_tablet=&#8220;100%&#8220; max_width_phone=&#8220;100%&#8220; max_width_last_edited=&#8220;on|tablet&#8220; custom_margin=&#8220;0px||33px||false|false&#8220; custom_padding=&#8220;0px||0px||false|false&#8220; hover_enabled=&#8220;0&#8243; locked=&#8220;off&#8220; global_colors_info=&#8220;{}&#8220; sticky_enabled=&#8220;0&#8243;]<\/p>\n<p style=\"text-align: justify;\">In Anwendung von Artikel 6 dieser Verordnung informiert Spirit Asset Management (\u201eSpirit AM\u201c) seine Kunden dar\u00fcber, dass es derzeit keine ESG-Kriterien (Umwelt-, Sozial- und Governance-Kriterien) im Rahmen seiner diskretion\u00e4ren und beratenden Verwaltungsdienstleistungen ber\u00fccksichtigt, insbesondere aufgrund der Schwierigkeit, genaue und zuverl\u00e4ssige Informationen zu erhalten.<\/p>\n<p style=\"text-align: justify;\">Im Rahmen seiner kollektiven Verwaltungst\u00e4tigkeiten st\u00fctzt sich Spirit AM auf die Prozesse und Instrumente, die von der Verwaltungsgesellschaft der von Spirit AM verwalteten Investmentfonds eingerichtet wurden und deren Ziel es ist, ein Gleichgewicht zwischen wirtschaftlichen, sozialen und \u00f6kologischen Faktoren herzustellen. Diese Instrumente bestehen aus einem Bewertungssystem, das auf folgenden Faktoren basiert:<\/p>\n<ul style=\"text-align: justify;\">\n<li>Faktoren, die zum Ausschluss von Unternehmen f\u00fchren, die \u00fcberwiegend in umstrittenen Sektoren t\u00e4tig sind;<\/li>\n<li>die Bewertung durch einen anerkannten Fachmann;<\/li>\n<li>die Ber\u00fccksichtigung der von der UNO im Rahmen ihres Programms f\u00fcr nachhaltige Entwicklung festgelegten Ziele;<\/li>\n<li>Ber\u00fccksichtigung positiver Kriterien in Bezug auf alternative Energien, Energieeffizienz, \u00f6kologisches Bauen, Vermeidung von Umweltverschmutzung, nachhaltige Landwirtschaft und Wasserressourcenmanagement.<\/li>\n<\/ul>\n<p style=\"text-align: justify;\">Wir laden unsere Kunden und Investoren ein, die Prospekte unserer Fonds zu konsultieren und\/oder uns f\u00fcr weitere Informationen zu kontaktieren.<\/p>\n<p>[\/et_pb_text][\/et_pb_column][\/et_pb_row][\/et_pb_section]<\/p>\n","protected":false},"excerpt":{"rendered":"<p>Nachhaltige InvestitionenDie SFDR-VerordnungDie SFDR-Verordnung (Sustainable Finance Disclosure Regulation) sieht die Verpflichtung zur Ver\u00f6ffentlichung von Informationen im Bereich nachhaltiger Investitionen vor.In Anwendung von Artikel 6 dieser Verordnung informiert Spirit Asset Management (\u201eSpirit AM\u201c) seine Kunden dar\u00fcber, dass es derzeit keine ESG-Kriterien (Umwelt-, Sozial- und Governance-Kriterien) im Rahmen seiner diskretion\u00e4ren und beratenden Verwaltungsdienstleistungen ber\u00fccksichtigt, insbesondere aufgrund der [&hellip;]<\/p>\n","protected":false},"author":1,"featured_media":0,"parent":0,"menu_order":0,"comment_status":"closed","ping_status":"closed","template":"","meta":{"_et_pb_use_builder":"on","_et_pb_old_content":"","_et_gb_content_width":"","footnotes":""},"class_list":["post-84911","page","type-page","status-publish","hentry"],"_links":{"self":[{"href":"https:\/\/spirit-am.ch\/de\/wp-json\/wp\/v2\/pages\/84911","targetHints":{"allow":["GET"]}}],"collection":[{"href":"https:\/\/spirit-am.ch\/de\/wp-json\/wp\/v2\/pages"}],"about":[{"href":"https:\/\/spirit-am.ch\/de\/wp-json\/wp\/v2\/types\/page"}],"author":[{"embeddable":true,"href":"https:\/\/spirit-am.ch\/de\/wp-json\/wp\/v2\/users\/1"}],"replies":[{"embeddable":true,"href":"https:\/\/spirit-am.ch\/de\/wp-json\/wp\/v2\/comments?post=84911"}],"version-history":[{"count":2,"href":"https:\/\/spirit-am.ch\/de\/wp-json\/wp\/v2\/pages\/84911\/revisions"}],"predecessor-version":[{"id":84913,"href":"https:\/\/spirit-am.ch\/de\/wp-json\/wp\/v2\/pages\/84911\/revisions\/84913"}],"wp:attachment":[{"href":"https:\/\/spirit-am.ch\/de\/wp-json\/wp\/v2\/media?parent=84911"}],"curies":[{"name":"wp","href":"https:\/\/api.w.org\/{rel}","templated":true}]}}