{"id":84908,"date":"2023-12-12T16:08:03","date_gmt":"2023-12-12T15:08:03","guid":{"rendered":"https:\/\/spirit-am.ch\/unsere-dienstleistungen\/"},"modified":"2026-03-06T09:20:57","modified_gmt":"2026-03-06T08:20:57","slug":"unsere-dienstleistungen","status":"publish","type":"page","link":"https:\/\/spirit-am.ch\/de\/unsere-dienstleistungen\/","title":{"rendered":"Unsere Dienstleistungen"},"content":{"rendered":"<p>[et_pb_section fb_built=&#8220;1&#8243; custom_padding_last_edited=&#8220;on|phone&#8220; _builder_version=&#8220;4.23.1&#8243; _module_preset=&#8220;default&#8220; background_color=&#8220;#f7f7f7&#8243; custom_margin=&#8220;0px||0px||false|false&#8220; custom_padding=&#8220;80px||80px||true|false&#8220; custom_padding_tablet=&#8220;50px||50px||false|false&#8220; custom_padding_phone=&#8220;50px||50px||false|false&#8220; locked=&#8220;off&#8220; global_colors_info=&#8220;{}&#8220;][et_pb_row _builder_version=&#8220;4.23.1&#8243; _module_preset=&#8220;default&#8220; width=&#8220;90%&#8220; max_width=&#8220;1200px&#8220; custom_margin=&#8220;0px||0px||false|false&#8220; custom_margin_tablet=&#8220;0px||120px||false|false&#8220; custom_margin_phone=&#8220;0px||90px||false|false&#8220; custom_margin_last_edited=&#8220;off|desktop&#8220; custom_padding=&#8220;0px||0px||false|false&#8220; global_colors_info=&#8220;{}&#8220;][et_pb_column type=&#8220;4_4&#8243; _builder_version=&#8220;4.18.0&#8243; _module_preset=&#8220;default&#8220; animation_style=&#8220;fade&#8220; animation_duration=&#8220;900ms&#8220; animation_speed_curve=&#8220;ease&#8220; global_colors_info=&#8220;{}&#8220;][et_pb_text _builder_version=&#8220;4.23.1&#8243; _module_preset=&#8220;default&#8220; header_font=&#8220;DM Sans|700|||||||&#8220; header_text_align=&#8220;left&#8220; header_text_color=&#8220;#0e0a28&#8243; header_font_size=&#8220;38px&#8220; header_letter_spacing=&#8220;-2px&#8220; custom_margin=&#8220;0px||7px||false|false&#8220; custom_padding=&#8220;0px||0px||false|false&#8220; header_font_size_tablet=&#8220;55px&#8220; header_font_size_phone=&#8220;36px&#8220; header_font_size_last_edited=&#8220;on|desktop&#8220; global_colors_info=&#8220;{}&#8220;]<\/p>\n<h1>Unsere Dienstleistungen<\/h1>\n<p>[\/et_pb_text][\/et_pb_column][\/et_pb_row][\/et_pb_section][et_pb_section fb_built=&#8220;1&#8243; custom_padding_last_edited=&#8220;on|phone&#8220; _builder_version=&#8220;4.18.0&#8243; _module_preset=&#8220;default&#8220; custom_margin=&#8220;0px||0px||false|false&#8220; custom_padding=&#8220;120px||3px||false|false&#8220; custom_padding_tablet=&#8220;120px||120px||false|false&#8220; custom_padding_phone=&#8220;90px||90px||false|false&#8220; locked=&#8220;off&#8220; global_colors_info=&#8220;{}&#8220;][et_pb_row column_structure=&#8220;1_2,1_2&#8243; use_custom_gutter=&#8220;on&#8220; gutter_width=&#8220;4&#8243; _builder_version=&#8220;4.23.1&#8243; _module_preset=&#8220;default&#8220; width=&#8220;90%&#8220; max_width=&#8220;1200px&#8220; custom_margin=&#8220;0px||10px||false|false&#8220; custom_margin_tablet=&#8220;0px||10px||false|false&#8220; custom_margin_phone=&#8220;0px||90px||false|false&#8220; custom_margin_last_edited=&#8220;off|desktop&#8220; custom_padding=&#8220;0px||0px||false|false&#8220; global_colors_info=&#8220;{}&#8220;][et_pb_column type=&#8220;1_2&#8243; _builder_version=&#8220;4.18.0&#8243; _module_preset=&#8220;default&#8220; animation_style=&#8220;fade&#8220; animation_duration=&#8220;900ms&#8220; animation_speed_curve=&#8220;ease&#8220; global_colors_info=&#8220;{}&#8220;][et_pb_text _builder_version=&#8220;4.23.1&#8243; _module_preset=&#8220;default&#8220; header_2_font=&#8220;DM Sans||||||||&#8220; header_2_text_align=&#8220;left&#8220; header_2_text_color=&#8220;#0e0a28&#8243; header_2_font_size=&#8220;35px&#8220; header_2_letter_spacing=&#8220;-1px&#8220; header_2_line_height=&#8220;1.3em&#8220; background_color=&#8220;RGBA(255,255,255,0)&#8220; max_width=&#8220;400px&#8220; max_width_tablet=&#8220;100%&#8220; max_width_phone=&#8220;100%&#8220; max_width_last_edited=&#8220;on|tablet&#8220; custom_margin=&#8220;0px||16px||false|false&#8220; custom_padding=&#8220;0px||0px||false|false&#8220; header_2_font_size_tablet=&#8220;39px&#8220; header_2_font_size_phone=&#8220;27px&#8220; header_2_font_size_last_edited=&#8220;on|phone&#8220; custom_css_after=&#8220;    content: %22%22;||    -webkit-backface-visibility: hidden;||    backface-visibility: hidden;||    position: absolute;||    left: 0;||    height: 3px;||    width: 50px;||    bottom: -2px;||\t\tbackground-color: #e7511e;&#8220; global_colors_info=&#8220;{}&#8220;]<\/p>\n<h2>Verm\u00f6gensverwaltung<\/h2>\n<p>[\/et_pb_text][\/et_pb_column][et_pb_column type=&#8220;1_2&#8243; _builder_version=&#8220;4.18.0&#8243; _module_preset=&#8220;default&#8220; global_colors_info=&#8220;{}&#8220;][\/et_pb_column][\/et_pb_row][et_pb_row column_structure=&#8220;1_2,1_2&#8243; use_custom_gutter=&#8220;on&#8220; gutter_width=&#8220;4&#8243; _builder_version=&#8220;4.23.1&#8243; _module_preset=&#8220;default&#8220; width=&#8220;90%&#8220; max_width=&#8220;1200px&#8220; custom_margin=&#8220;0px||120px||false|false&#8220; custom_margin_tablet=&#8220;0px||120px||false|false&#8220; custom_margin_phone=&#8220;0px||90px||false|false&#8220; custom_margin_last_edited=&#8220;on|phone&#8220; custom_padding=&#8220;0px||0px||false|false&#8220; global_colors_info=&#8220;{}&#8220;][et_pb_column type=&#8220;1_2&#8243; _builder_version=&#8220;4.18.0&#8243; _module_preset=&#8220;default&#8220; animation_style=&#8220;fade&#8220; animation_duration=&#8220;900ms&#8220; animation_speed_curve=&#8220;ease&#8220; global_colors_info=&#8220;{}&#8220;][et_pb_image src=&#8220;https:\/\/spirit-am.ch\/wp-content\/uploads\/2023\/12\/Gestion-de-patrimoine.jpg&#8220; title_text=&#8220;Verm\u00f6gensverwaltung&#8220; align=&#8220;center&#8220; _builder_version=&#8220;4.23.1&#8243; _module_preset=&#8220;default&#8220; module_alignment=&#8220;left&#8220; height_phone=&#8220;90vw&#8220; height_last_edited=&#8220;off|tablet&#8220; custom_margin=&#8220;0px||31px||false|false&#8220; custom_padding=&#8220;0px||0px||false|false&#8220; border_radii=&#8220;on|10px|10px|10px|10px&#8220; locked=&#8220;off&#8220; global_colors_info=&#8220;{}&#8220;][\/et_pb_image][\/et_pb_column][et_pb_column type=&#8220;1_2&#8243; _builder_version=&#8220;4.18.0&#8243; _module_preset=&#8220;default&#8220; global_colors_info=&#8220;{}&#8220;][et_pb_text _builder_version=&#8220;4.23.1&#8243; _module_preset=&#8220;default&#8220; text_font=&#8220;Mulish||||||||&#8220; text_text_color=&#8220;#8081a4&#8243; text_font_size=&#8220;16px&#8220; text_line_height=&#8220;1.8em&#8220; max_width_tablet=&#8220;100%&#8220; max_width_phone=&#8220;100%&#8220; max_width_last_edited=&#8220;on|tablet&#8220; custom_margin=&#8220;0px||33px||false|false&#8220; custom_padding=&#8220;0px||0px||false|false&#8220; locked=&#8220;off&#8220; global_colors_info=&#8220;{}&#8220;]<\/p>\n<p style=\"text-align: justify;\">Spirit Asset Management bietet seinen Kunden drei Arten von Mandaten an: diskretion\u00e4res Mandat, Beratungsmandat und Auftragserfassungs- und -\u00fcbermittlungsvertrag (RTO).<\/p>\n<p style=\"text-align: justify;\">Spirit Asset Management erbringt Anlageberatungsdienstleistungen in nicht unabh\u00e4ngiger Funktion im Sinne der europ\u00e4ischen Richtlinie. Das bedeutet, dass wir zwar im Rahmen unserer Beratungst\u00e4tigkeit eine offene Architektur verfolgen und von Dritten emittierte und\/oder verwaltete Produkte anbieten, aber auch Anlagefonds empfehlen, die von unseren Managern verwaltet werden, und\/oder Finanzinstrumente, die von anderen Unternehmen emittiert oder bereitgestellt werden, die rechtliche oder wirtschaftliche Verbindungen zu unserem Unternehmen haben.<\/p>\n<p style=\"text-align: justify;\">Wir sehen es als unsere Aufgabe an, unseren Kunden komplexe Sachverhalte zu vereinfachen. Aus diesem Grund haben wir drei unterschiedliche Profile definiert: konservativ, ausgewogen und wachstumsorientiert.<\/p>\n<p style=\"text-align: justify;\">Da wir jedoch auch fest davon \u00fcberzeugt sind, dass wir flexibel bleiben m\u00fcssen, haben wir ein individuelles Verwaltungsprofil eingerichtet, um auf alle spezifischen Anforderungen eingehen zu k\u00f6nnen.<\/p>\n<p>[\/et_pb_text][\/et_pb_column][\/et_pb_row][\/et_pb_section][et_pb_section fb_built=&#8220;1&#8243; custom_padding_last_edited=&#8220;on|phone&#8220; _builder_version=&#8220;4.23.1&#8243; _module_preset=&#8220;default&#8220; background_color=&#8220;gcid-2f73f2ac-7ab6-4c48-9305-78db6c18b269&#8243; custom_margin=&#8220;0px||0px||false|false&#8220; custom_padding=&#8220;120px||3px||false|false&#8220; custom_padding_tablet=&#8220;120px||120px||false|false&#8220; custom_padding_phone=&#8220;90px||90px||false|false&#8220; locked=&#8220;off&#8220; global_colors_info=&#8220;{%22gcid-2f73f2ac-7ab6-4c48-9305-78db6c18b269%22:%91%22background_color%22%93}&#8220;][et_pb_row column_structure=&#8220;1_2,1_2&#8243; use_custom_gutter=&#8220;on&#8220; gutter_width=&#8220;4&#8243; _builder_version=&#8220;4.23.1&#8243; _module_preset=&#8220;default&#8220; width=&#8220;90%&#8220; max_width=&#8220;1200px&#8220; custom_margin=&#8220;0px||10px||false|false&#8220; custom_margin_tablet=&#8220;0px||120px||false|false&#8220; custom_margin_phone=&#8220;0px||90px||false|false&#8220; custom_margin_last_edited=&#8220;off|desktop&#8220; custom_padding=&#8220;0px||0px||false|false&#8220; global_colors_info=&#8220;{}&#8220;][et_pb_column type=&#8220;1_2&#8243; _builder_version=&#8220;4.18.0&#8243; _module_preset=&#8220;default&#8220; animation_style=&#8220;fade&#8220; animation_duration=&#8220;900ms&#8220; animation_speed_curve=&#8220;ease&#8220; global_colors_info=&#8220;{}&#8220;][et_pb_text _builder_version=&#8220;4.23.1&#8243; _module_preset=&#8220;default&#8220; header_2_font=&#8220;DM Sans||||||||&#8220; header_2_text_align=&#8220;left&#8220; header_2_text_color=&#8220;#0e0a28&#8243; header_2_font_size=&#8220;35px&#8220; header_2_letter_spacing=&#8220;-1px&#8220; header_2_line_height=&#8220;1.3em&#8220; background_color=&#8220;RGBA(255,255,255,0)&#8220; max_width=&#8220;400px&#8220; max_width_tablet=&#8220;100%&#8220; max_width_phone=&#8220;100%&#8220; max_width_last_edited=&#8220;on|tablet&#8220; custom_margin=&#8220;0px||16px||false|false&#8220; custom_padding=&#8220;0px||0px||false|false&#8220; header_2_font_size_tablet=&#8220;39px&#8220; header_2_font_size_phone=&#8220;27px&#8220; header_2_font_size_last_edited=&#8220;on|phone&#8220; custom_css_after=&#8220;    content: %22%22;||    -webkit-backface-visibility: hidden;||    backface-visibility: hidden;||    position: absolute;||    left: 0;||    height: 3px;||    width: 50px;||    bottom: -2px;||\t\tbackground-color: #e7511e;&#8220; global_colors_info=&#8220;{}&#8220;]<\/p>\n<h2>Lebensversicherung<\/h2>\n<p>[\/et_pb_text][\/et_pb_column][et_pb_column type=&#8220;1_2&#8243; _builder_version=&#8220;4.18.0&#8243; _module_preset=&#8220;default&#8220; global_colors_info=&#8220;{}&#8220;][\/et_pb_column][\/et_pb_row][et_pb_row column_structure=&#8220;1_2,1_2&#8243; use_custom_gutter=&#8220;on&#8220; gutter_width=&#8220;4&#8243; _builder_version=&#8220;4.23.1&#8243; _module_preset=&#8220;default&#8220; width=&#8220;90%&#8220; max_width=&#8220;1200px&#8220; custom_margin=&#8220;0px||120px||false|false&#8220; custom_margin_tablet=&#8220;0px||120px||false|false&#8220; custom_margin_phone=&#8220;0px||90px||false|false&#8220; custom_margin_last_edited=&#8220;on|phone&#8220; custom_padding=&#8220;0px||0px||false|false&#8220; global_colors_info=&#8220;{}&#8220;][et_pb_column type=&#8220;1_2&#8243; _builder_version=&#8220;4.18.0&#8243; _module_preset=&#8220;default&#8220; animation_style=&#8220;fade&#8220; animation_duration=&#8220;900ms&#8220; animation_speed_curve=&#8220;ease&#8220; global_colors_info=&#8220;{}&#8220;][et_pb_image src=&#8220;https:\/\/spirit-am.ch\/wp-content\/uploads\/2023\/12\/Assurance-vie.jpg&#8220; title_text=&#8220;Lebensversicherung&#8220; align=&#8220;center&#8220; _builder_version=&#8220;4.23.1&#8243; _module_preset=&#8220;default&#8220; module_alignment=&#8220;left&#8220; height_phone=&#8220;90vw&#8220; height_last_edited=&#8220;off|tablet&#8220; custom_margin=&#8220;0px||31px||false|false&#8220; custom_padding=&#8220;0px||0px||false|false&#8220; border_radii=&#8220;on|10px|10px|10px|10px&#8220; locked=&#8220;off&#8220; global_colors_info=&#8220;{}&#8220;][\/et_pb_image][\/et_pb_column][et_pb_column type=&#8220;1_2&#8243; _builder_version=&#8220;4.18.0&#8243; _module_preset=&#8220;default&#8220; global_colors_info=&#8220;{}&#8220;][et_pb_text _builder_version=&#8220;4.23.1&#8243; _module_preset=&#8220;default&#8220; text_font=&#8220;Mulish||||||||&#8220; text_text_color=&#8220;#8081a4&#8243; text_font_size=&#8220;16px&#8220; text_line_height=&#8220;1.8em&#8220; max_width_tablet=&#8220;100%&#8220; max_width_phone=&#8220;100%&#8220; max_width_last_edited=&#8220;on|tablet&#8220; custom_margin=&#8220;0px||33px||false|false&#8220; custom_padding=&#8220;0px||0px||false|false&#8220; locked=&#8220;off&#8220; global_colors_info=&#8220;{}&#8220;]<\/p>\n<p style=\"text-align: justify;\">Ein einzigartiger Anlegerschutz, gro\u00dfe Flexibilit\u00e4t bei der Gestaltung der Vertr\u00e4ge und der Verwaltung der uns anvertrauten Verm\u00f6genswerte, vollst\u00e4ndige Steuerneutralit\u00e4t und gesetzlich garantierte Vertraulichkeit sind die wichtigsten Vorteile, die der Abschluss von Lebensversicherungsvertr\u00e4gen nach luxemburgischem Recht bietet.<\/p>\n<p style=\"text-align: justify;\">Die luxemburgischen Gesetze und Vorschriften zielen darauf ab, einen optimalen Schutz der Zeichner zu gew\u00e4hrleisten. Alle Akteure des Versicherungssektors sowie ihre Aktivit\u00e4ten werden vom Commissariat aux Assurances (CAA) \u00fcberwacht, einer \u00f6ffentlichen Einrichtung unter ministerieller Aufsicht. Ein Mechanismus, der als \u201eSicherheitsdreieck\u201c bekannt ist, sowie das \u201eSuperprivileg\u201c, das den Versicherungsnehmern gew\u00e4hrt wird, machen den luxemburgischen Lebensversicherungsvertrag zu einem wertvollen Anlageinstrument, um den Schutz ihres Verm\u00f6gens zu gew\u00e4hrleisten.<\/p>\n<p style=\"text-align: justify;\">Spirit Asset Management ist von den meisten luxemburgischen Versicherern zugelassen, sodass unsere Kunden die Freiheit haben, das beste Angebot sowohl hinsichtlich der Preise als auch der Dienstleistungen auszuw\u00e4hlen.<\/p>\n<p>[\/et_pb_text][\/et_pb_column][\/et_pb_row][\/et_pb_section][et_pb_section fb_built=&#8220;1&#8243; custom_padding_last_edited=&#8220;on|phone&#8220; _builder_version=&#8220;4.23.1&#8243; _module_preset=&#8220;default&#8220; background_enable_color=&#8220;off&#8220; custom_margin=&#8220;0px||0px||false|false&#8220; custom_padding=&#8220;120px||3px||false|false&#8220; custom_padding_tablet=&#8220;120px||120px||false|false&#8220; custom_padding_phone=&#8220;90px||90px||false|false&#8220; locked=&#8220;off&#8220; global_colors_info=&#8220;{%22gcid-2f73f2ac-7ab6-4c48-9305-78db6c18b269%22:%91%22background_color%22%93}&#8220;][et_pb_row column_structure=&#8220;1_2,1_2&#8243; use_custom_gutter=&#8220;on&#8220; gutter_width=&#8220;4&#8243; _builder_version=&#8220;4.23.1&#8243; _module_preset=&#8220;default&#8220; width=&#8220;90%&#8220; max_width=&#8220;1200px&#8220; custom_margin=&#8220;0px||10px||false|false&#8220; custom_margin_tablet=&#8220;0px||120px||false|false&#8220; custom_margin_phone=&#8220;0px||90px||false|false&#8220; custom_margin_last_edited=&#8220;off|desktop&#8220; custom_padding=&#8220;0px||0px||false|false&#8220; global_colors_info=&#8220;{}&#8220;][et_pb_column type=&#8220;1_2&#8243; _builder_version=&#8220;4.18.0&#8243; _module_preset=&#8220;default&#8220; animation_style=&#8220;fade&#8220; animation_duration=&#8220;900ms&#8220; animation_speed_curve=&#8220;ease&#8220; global_colors_info=&#8220;{}&#8220;][et_pb_text _builder_version=&#8220;4.23.1&#8243; _module_preset=&#8220;default&#8220; header_2_font=&#8220;DM Sans||||||||&#8220; header_2_text_align=&#8220;left&#8220; header_2_text_color=&#8220;#0e0a28&#8243; header_2_font_size=&#8220;35px&#8220; header_2_letter_spacing=&#8220;-1px&#8220; header_2_line_height=&#8220;1.3em&#8220; background_color=&#8220;RGBA(255,255,255,0)&#8220; max_width=&#8220;400px&#8220; max_width_tablet=&#8220;100%&#8220; max_width_phone=&#8220;100%&#8220; max_width_last_edited=&#8220;on|tablet&#8220; custom_margin=&#8220;0px||16px||false|false&#8220; custom_padding=&#8220;0px||0px||false|false&#8220; header_2_font_size_tablet=&#8220;39px&#8220; header_2_font_size_phone=&#8220;27px&#8220; header_2_font_size_last_edited=&#8220;on|phone&#8220; custom_css_after=&#8220;    content: %22%22;||    -webkit-backface-visibility: hidden;||    backface-visibility: hidden;||    position: absolute;||    left: 0;||    height: 3px;||    width: 50px;||    bottom: -2px;||\t\tbackground-color: #e7511e;&#8220; global_colors_info=&#8220;{}&#8220;]<\/p>\n<h2>Kollektive Verwaltung<\/h2>\n<p>[\/et_pb_text][\/et_pb_column][et_pb_column type=&#8220;1_2&#8243; _builder_version=&#8220;4.18.0&#8243; _module_preset=&#8220;default&#8220; global_colors_info=&#8220;{}&#8220;][\/et_pb_column][\/et_pb_row][et_pb_row column_structure=&#8220;1_2,1_2&#8243; use_custom_gutter=&#8220;on&#8220; gutter_width=&#8220;4&#8243; _builder_version=&#8220;4.23.1&#8243; _module_preset=&#8220;default&#8220; width=&#8220;90%&#8220; max_width=&#8220;1200px&#8220; custom_margin=&#8220;0px||120px||false|false&#8220; custom_margin_tablet=&#8220;0px||120px||false|false&#8220; custom_margin_phone=&#8220;0px||90px||false|false&#8220; custom_margin_last_edited=&#8220;on|phone&#8220; custom_padding=&#8220;0px||0px||false|false&#8220; global_colors_info=&#8220;{}&#8220;][et_pb_column type=&#8220;1_2&#8243; _builder_version=&#8220;4.18.0&#8243; _module_preset=&#8220;default&#8220; animation_style=&#8220;fade&#8220; animation_duration=&#8220;900ms&#8220; animation_speed_curve=&#8220;ease&#8220; global_colors_info=&#8220;{}&#8220;][et_pb_image src=&#8220;https:\/\/spirit-am.ch\/wp-content\/uploads\/2023\/12\/pont-luxembourg-spirit-am.jpg&#8220; title_text=&#8220;pont-luxembourg-spirit-am&#8220; align=&#8220;center&#8220; _builder_version=&#8220;4.23.1&#8243; _module_preset=&#8220;default&#8220; module_alignment=&#8220;left&#8220; height_phone=&#8220;90vw&#8220; height_last_edited=&#8220;off|tablet&#8220; custom_margin=&#8220;0px||31px||false|false&#8220; custom_padding=&#8220;0px||0px||false|false&#8220; border_radii=&#8220;on|10px|10px|10px|10px&#8220; locked=&#8220;off&#8220; global_colors_info=&#8220;{}&#8220;][\/et_pb_image][\/et_pb_column][et_pb_column type=&#8220;1_2&#8243; _builder_version=&#8220;4.18.0&#8243; _module_preset=&#8220;default&#8220; global_colors_info=&#8220;{}&#8220;][et_pb_text _builder_version=&#8220;4.23.1&#8243; _module_preset=&#8220;default&#8220; text_font=&#8220;Mulish||||||||&#8220; text_text_color=&#8220;#8081a4&#8243; text_font_size=&#8220;16px&#8220; text_line_height=&#8220;1.8em&#8220; link_text_color=&#8220;#E7511E&#8220; max_width_tablet=&#8220;100%&#8220; max_width_phone=&#8220;100%&#8220; max_width_last_edited=&#8220;on|tablet&#8220; custom_margin=&#8220;0px||33px||false|false&#8220; custom_padding=&#8220;0px||0px||false|false&#8220; hover_enabled=&#8220;0&#8243; locked=&#8220;off&#8220; global_colors_info=&#8220;{}&#8220; sticky_enabled=&#8220;0&#8243;]<\/p>\n<p style=\"text-align: justify;\"><span>Im Rahmen ihrer Zulassung wurde Spirit Asset Management zum Finanzverwalter mehrerer luxemburgischer OGAW-Investmentfonds ernannt. Weitere Informationen finden Sie unter der Rubrik <a href=\"https:\/\/spirit-am.ch\/de\/investmentfonds\/\">Investmentfonds<\/a><\/span><a href=\"https:\/\/spirit-am.ch\/fonds-dinvestissement\/\"><span>.<\/span><\/a><\/p>\n<p>[\/et_pb_text][\/et_pb_column][\/et_pb_row][\/et_pb_section]<\/p>\n","protected":false},"excerpt":{"rendered":"<p>Unsere DienstleistungenVerm\u00f6gensverwaltungSpirit Asset Management bietet seinen Kunden drei Arten von Mandaten an: diskretion\u00e4res Mandat, Beratungsmandat und Auftragserfassungs- und -\u00fcbermittlungsvertrag (RTO). Spirit Asset Management erbringt Anlageberatungsdienstleistungen in nicht unabh\u00e4ngiger Funktion im Sinne der europ\u00e4ischen Richtlinie. Das bedeutet, dass wir zwar im Rahmen unserer Beratungst\u00e4tigkeit eine offene Architektur verfolgen und von Dritten emittierte und\/oder verwaltete Produkte anbieten, [&hellip;]<\/p>\n","protected":false},"author":1,"featured_media":0,"parent":0,"menu_order":0,"comment_status":"closed","ping_status":"closed","template":"","meta":{"_et_pb_use_builder":"on","_et_pb_old_content":"","_et_gb_content_width":"","footnotes":""},"class_list":["post-84908","page","type-page","status-publish","hentry"],"_links":{"self":[{"href":"https:\/\/spirit-am.ch\/de\/wp-json\/wp\/v2\/pages\/84908","targetHints":{"allow":["GET"]}}],"collection":[{"href":"https:\/\/spirit-am.ch\/de\/wp-json\/wp\/v2\/pages"}],"about":[{"href":"https:\/\/spirit-am.ch\/de\/wp-json\/wp\/v2\/types\/page"}],"author":[{"embeddable":true,"href":"https:\/\/spirit-am.ch\/de\/wp-json\/wp\/v2\/users\/1"}],"replies":[{"embeddable":true,"href":"https:\/\/spirit-am.ch\/de\/wp-json\/wp\/v2\/comments?post=84908"}],"version-history":[{"count":5,"href":"https:\/\/spirit-am.ch\/de\/wp-json\/wp\/v2\/pages\/84908\/revisions"}],"predecessor-version":[{"id":85126,"href":"https:\/\/spirit-am.ch\/de\/wp-json\/wp\/v2\/pages\/84908\/revisions\/85126"}],"wp:attachment":[{"href":"https:\/\/spirit-am.ch\/de\/wp-json\/wp\/v2\/media?parent=84908"}],"curies":[{"name":"wp","href":"https:\/\/api.w.org\/{rel}","templated":true}]}}