{"id":84888,"date":"2023-12-12T16:07:16","date_gmt":"2023-12-12T15:07:16","guid":{"rendered":"https:\/\/spirit-am.ch\/spirit-vermoegensverwaltung-ag\/"},"modified":"2026-03-06T09:13:59","modified_gmt":"2026-03-06T08:13:59","slug":"spirit-asset-management-s-a","status":"publish","type":"page","link":"https:\/\/spirit-am.ch\/de\/spirit-asset-management-s-a\/","title":{"rendered":"Spirit Asset Management S.A."},"content":{"rendered":"<p>[et_pb_section fb_built=&#8220;1&#8243; _builder_version=&#8220;4.23.1&#8243; _module_preset=&#8220;default&#8220; background_color=&#8220;#f7f7f7&#8243; custom_margin=&#8220;0px||0px||false|false&#8220; custom_padding=&#8220;100px||100px||false|false&#8220; animation_style=&#8220;fade&#8220; animation_duration=&#8220;900ms&#8220; animation_speed_curve=&#8220;ease&#8220; global_colors_info=&#8220;{}&#8220;][et_pb_row column_structure=&#8220;1_2,1_2&#8243; use_custom_gutter=&#8220;on&#8220; gutter_width=&#8220;1&#8243; make_equal=&#8220;on&#8220; _builder_version=&#8220;4.23.1&#8243; _module_preset=&#8220;default&#8220; width=&#8220;90%&#8220; max_width=&#8220;1210px&#8220; custom_margin=&#8220;0px||0px||false|false&#8220; custom_padding=&#8220;0px||0px||false|false&#8220; global_colors_info=&#8220;{}&#8220;][et_pb_column type=&#8220;1_2&#8243; _builder_version=&#8220;4.18.0&#8243; _module_preset=&#8220;default&#8220; custom_css_main_element=&#8220;margin:auto;&#8220; global_colors_info=&#8220;{}&#8220;][et_pb_text _builder_version=&#8220;4.23.1&#8243; _module_preset=&#8220;default&#8220; header_font=&#8220;DM Sans|700|||||||&#8220; header_text_align=&#8220;left&#8220; header_text_color=&#8220;#0e0a28&#8243; header_font_size=&#8220;38px&#8220; header_letter_spacing=&#8220;-2px&#8220; custom_margin=&#8220;0px||7px||false|false&#8220; custom_padding=&#8220;0px||0px||false|false&#8220; hover_enabled=&#8220;0&#8243; header_font_size_tablet=&#8220;65px&#8220; header_font_size_phone=&#8220;36px&#8220; header_font_size_last_edited=&#8220;on|phone&#8220; global_colors_info=&#8220;{}&#8220; sticky_enabled=&#8220;0&#8243;]<\/p>\n<h1>Spirit Asset Managements S.A.<\/h1>\n<p>[\/et_pb_text][et_pb_text _builder_version=&#8220;4.23.1&#8243; _module_preset=&#8220;default&#8220; text_font=&#8220;Mulish||||||||&#8220; text_text_color=&#8220;#5b5b5b&#8220; text_font_size=&#8220;19px&#8220; text_line_height=&#8220;1.8em&#8220; max_width=&#8220;450px&#8220; custom_margin=&#8220;0px||50px||false|false&#8220; custom_padding=&#8220;0px||0px||false|false&#8220; text_font_size_tablet=&#8220;19px&#8220; text_font_size_phone=&#8220;17px&#8220; text_font_size_last_edited=&#8220;on|phone&#8220; global_colors_info=&#8220;{}&#8220;]<\/p>\n<p>Spirit Asset Management S.A. (\u201eSAM\u201c) ist eine Verm\u00f6gensverwaltungsgesellschaft nach luxemburgischem Recht.<\/p>\n<p>[\/et_pb_text][\/et_pb_column][et_pb_column type=&#8220;1_2&#8243; _builder_version=&#8220;4.18.0&#8243; _module_preset=&#8220;default&#8220; custom_padding=&#8220;|||85px|false|false&#8220; custom_padding_tablet=&#8220;|0px||0px|false|false&#8220; custom_padding_phone=&#8220;|0px||0px|false|false&#8220; custom_padding_last_edited=&#8220;on|tablet&#8220; animation_style=&#8220;slide&#8220; animation_direction=&#8220;bottom&#8220; animation_duration=&#8220;900ms&#8220; animation_delay=&#8220;200ms&#8220; animation_intensity_slide=&#8220;5%&#8220; animation_speed_curve=&#8220;ease&#8220; link_option_url=&#8220;#&#8220; global_colors_info=&#8220;{}&#8220;][et_pb_image src=&#8220;https:\/\/spirit-am.ch\/wp-content\/uploads\/2023\/12\/spirit-am-luxembourg-3.jpg&#8220; title_text=&#8220;spirit-am-luxembourg-3&#8243; align=&#8220;right&#8220; align_tablet=&#8220;center&#8220; align_phone=&#8220;center&#8220; align_last_edited=&#8220;on|tablet&#8220; _builder_version=&#8220;4.23.1&#8243; _module_preset=&#8220;default&#8220; custom_margin=&#8220;0px||0px||false|false&#8220; custom_padding=&#8220;0px||0px||false|false&#8220; border_radii=&#8220;on|10px|10px|10px|10px&#8220; global_colors_info=&#8220;{}&#8220;][\/et_pb_image][\/et_pb_column][\/et_pb_row][\/et_pb_section][et_pb_section fb_built=&#8220;1&#8243; custom_padding_last_edited=&#8220;on|phone&#8220; _builder_version=&#8220;4.18.0&#8243; _module_preset=&#8220;default&#8220; custom_margin=&#8220;0px||0px||false|false&#8220; custom_padding=&#8220;120px||3px||false|false&#8220; custom_padding_tablet=&#8220;120px||120px||false|false&#8220; custom_padding_phone=&#8220;90px||90px||false|false&#8220; global_colors_info=&#8220;{}&#8220;][et_pb_row column_structure=&#8220;1_2,1_2&#8243; use_custom_gutter=&#8220;on&#8220; gutter_width=&#8220;1&#8243; _builder_version=&#8220;4.18.0&#8243; _module_preset=&#8220;default&#8220; width=&#8220;90%&#8220; max_width=&#8220;1210px&#8220; custom_margin=&#8220;0px||120px||false|false&#8220; custom_margin_tablet=&#8220;0px||120px||false|false&#8220; custom_margin_phone=&#8220;0px||90px||false|false&#8220; custom_margin_last_edited=&#8220;on|phone&#8220; custom_padding=&#8220;0px||0px||false|false&#8220; global_colors_info=&#8220;{}&#8220;][et_pb_column type=&#8220;1_2&#8243; _builder_version=&#8220;4.18.0&#8243; _module_preset=&#8220;default&#8220; animation_style=&#8220;fade&#8220; animation_duration=&#8220;900ms&#8220; animation_speed_curve=&#8220;ease&#8220; global_colors_info=&#8220;{}&#8220;][et_pb_text _builder_version=&#8220;4.23.1&#8243; _module_preset=&#8220;default&#8220; header_2_font=&#8220;DM Sans||||||||&#8220; header_2_text_align=&#8220;left&#8220; header_2_text_color=&#8220;#0e0a28&#8243; header_2_font_size=&#8220;35px&#8220; header_2_letter_spacing=&#8220;-1px&#8220; header_2_line_height=&#8220;1.3em&#8220; background_color=&#8220;RGBA(255,255,255,0)&#8220; max_width=&#8220;400px&#8220; max_width_tablet=&#8220;100%&#8220; max_width_phone=&#8220;100%&#8220; max_width_last_edited=&#8220;on|tablet&#8220; custom_margin=&#8220;0px||16px||false|false&#8220; custom_padding=&#8220;0px||0px||false|false&#8220; header_2_font_size_tablet=&#8220;39px&#8220; header_2_font_size_phone=&#8220;27px&#8220; header_2_font_size_last_edited=&#8220;on|phone&#8220; global_colors_info=&#8220;{}&#8220;]<\/p>\n<h2>\u00dcber S.A.M<\/h2>\n<p>[\/et_pb_text][\/et_pb_column][et_pb_column type=&#8220;1_2&#8243; _builder_version=&#8220;4.18.0&#8243; _module_preset=&#8220;default&#8220; global_colors_info=&#8220;{}&#8220;][et_pb_text _builder_version=&#8220;4.23.1&#8243; _module_preset=&#8220;default&#8220; text_font=&#8220;Mulish||||||||&#8220; text_text_color=&#8220;#8081a4&#8243; text_font_size=&#8220;16px&#8220; text_line_height=&#8220;1.8em&#8220; max_width_tablet=&#8220;100%&#8220; max_width_phone=&#8220;100%&#8220; max_width_last_edited=&#8220;on|tablet&#8220; custom_margin=&#8220;0px||33px||false|false&#8220; custom_padding=&#8220;0px||0px||false|false&#8220; global_colors_info=&#8220;{}&#8220;]<\/p>\n<p style=\"text-align: justify;\">Das Unternehmen unterliegt der Aufsicht der Commission de Surveillance du Secteur Financier (CSSF) des Gro\u00dfherzogtums Luxemburg und bietet in Zusammenarbeit mit seinen Bankpartnern in Luxemburg und im Ausland eine umfassende Palette von Anlageverwaltungsdienstleistungen an. Dar\u00fcber hinaus beauftragt Spirit Asset Management, das die Zulassung f\u00fcr die Erbringung seiner Dienstleistungen in den wichtigsten europ\u00e4ischen L\u00e4ndern erhalten hat, Deloitte mit der internen Revision und KPMG mit der externen Revision.<\/p>\n<p style=\"text-align: justify;\">Spirit Asset Management wurde 2014 von einer Gruppe renommierter Finanzunternehmer gegr\u00fcndet, die alle ihre Karriere dem Finanzwesen gewidmet haben. Spirit Asset Management bietet einen ma\u00dfgeschneiderten und innovativen Service von hoher Qualit\u00e4t und erf\u00fcllt damit die anspruchsvollen Bed\u00fcrfnisse seiner Kunden. SAM ist heute eine der wenigen vollst\u00e4ndig privaten Verm\u00f6gensverwaltungsgesellschaften, bei denen die pers\u00f6nliche Beziehung zu ihren Kunden und Partnern im Vordergrund steht. Weitere Details finden Sie im Abschnitt UNSER TEAM.<\/p>\n<p style=\"text-align: justify;\">Spirit Asset Management hat seinen Sitz in der luxemburgischen Hauptstadt im Stadtteil Limpertsberg, was die starke Verbundenheit des Unternehmens mit Luxemburg widerspiegelt.<\/p>\n<p>[\/et_pb_text][\/et_pb_column][\/et_pb_row][\/et_pb_section][et_pb_section fb_built=&#8220;1&#8243; custom_padding_last_edited=&#8220;on|phone&#8220; _builder_version=&#8220;4.23.1&#8243; _module_preset=&#8220;default&#8220; background_color=&#8220;#f7f7f7&#8243; custom_margin=&#8220;0px||0px||false|false&#8220; custom_padding=&#8220;120px||3px||false|false&#8220; custom_padding_tablet=&#8220;120px||120px||false|false&#8220; custom_padding_phone=&#8220;90px||90px||false|false&#8220; global_colors_info=&#8220;{}&#8220;][et_pb_row column_structure=&#8220;1_2,1_2&#8243; use_custom_gutter=&#8220;on&#8220; gutter_width=&#8220;1&#8243; _builder_version=&#8220;4.18.0&#8243; _module_preset=&#8220;default&#8220; width=&#8220;90%&#8220; max_width=&#8220;1210px&#8220; custom_margin=&#8220;0px||120px||false|false&#8220; custom_margin_tablet=&#8220;0px||120px||false|false&#8220; custom_margin_phone=&#8220;0px||90px||false|false&#8220; custom_margin_last_edited=&#8220;on|phone&#8220; custom_padding=&#8220;0px||0px||false|false&#8220; global_colors_info=&#8220;{}&#8220;][et_pb_column type=&#8220;1_2&#8243; _builder_version=&#8220;4.18.0&#8243; _module_preset=&#8220;default&#8220; animation_style=&#8220;fade&#8220; animation_duration=&#8220;900ms&#8220; animation_speed_curve=&#8220;ease&#8220; global_colors_info=&#8220;{}&#8220;][et_pb_text _builder_version=&#8220;4.23.1&#8243; _module_preset=&#8220;default&#8220; header_2_font=&#8220;DM Sans||||||||&#8220; header_2_text_align=&#8220;left&#8220; header_2_text_color=&#8220;#0e0a28&#8243; header_2_font_size=&#8220;35px&#8220; header_2_letter_spacing=&#8220;-2px&#8220; header_2_line_height=&#8220;1.3em&#8220; background_color=&#8220;RGBA(255,255,255,0)&#8220; max_width=&#8220;400px&#8220; max_width_tablet=&#8220;100%&#8220; max_width_phone=&#8220;100%&#8220; max_width_last_edited=&#8220;on|tablet&#8220; custom_margin=&#8220;0px||16px||false|false&#8220; custom_padding=&#8220;0px||0px||false|false&#8220; header_2_font_size_tablet=&#8220;39px&#8220; header_2_font_size_phone=&#8220;27px&#8220; header_2_font_size_last_edited=&#8220;on|phone&#8220; global_colors_info=&#8220;{}&#8220;]<\/p>\n<h2>Was ist unsere Mission ? Was sind unsere Ziele ?<\/h2>\n<p>[\/et_pb_text][\/et_pb_column][et_pb_column type=&#8220;1_2&#8243; _builder_version=&#8220;4.18.0&#8243; _module_preset=&#8220;default&#8220; global_colors_info=&#8220;{}&#8220;][et_pb_text _builder_version=&#8220;4.23.1&#8243; _module_preset=&#8220;default&#8220; text_font=&#8220;Mulish||||||||&#8220; text_text_color=&#8220;#8081a4&#8243; text_font_size=&#8220;16px&#8220; text_line_height=&#8220;1.8em&#8220; max_width_tablet=&#8220;100%&#8220; max_width_phone=&#8220;100%&#8220; max_width_last_edited=&#8220;on|tablet&#8220; custom_margin=&#8220;0px||33px||false|false&#8220; custom_padding=&#8220;0px||0px||false|false&#8220; global_colors_info=&#8220;{}&#8220;]<\/p>\n<p style=\"text-align: justify;\">Aufbau einer stabilen und langfristigen Beziehung zu unseren Kunden, die nur auf der Grundlage von Vertrauen entstehen kann. Auf diese Weise m\u00f6chten wir die Bed\u00fcrfnisse jedes einzelnen Kunden bestm\u00f6glich erfassen, um ihm eine ma\u00dfgeschneiderte Finanzstrategie anbieten zu k\u00f6nnen. Unsere Mission ist es, einen Mehrwert f\u00fcr unsere Kunden zu schaffen, indem wir ihnen eine personalisierte Verm\u00f6gensverwaltung und einen permanenten Zugang zum Fachwissen unserer Portfoliomanager bieten.<\/p>\n<p style=\"text-align: justify;\">Mit einem hochqualifizierten Team aus erfahrenen Mitarbeitern, die alle den Gro\u00dfteil ihrer Karriere in Luxemburg verbracht haben, bietet Spirit Asset Management die meisten Finanzdienstleistungen an, die der Finanzplatz Luxemburg zu bieten hat. SAM bietet auch anspruchsvollere L\u00f6sungen im Bereich Finanz- und Verm\u00f6gensplanung, die f\u00fcr einige unserer Kunden erforderlich sind.<\/p>\n<p style=\"text-align: justify;\">Auf der Grundlage einer offenen Architektur kann Spirit Asset Management seinen Kunden eine breite Palette von Produkten und L\u00f6sungen anbieten, mit denen sie die Finanzstrategie bestimmen k\u00f6nnen, die ihrem Profil und ihren Anlagezielen am besten entspricht.<\/p>\n<p>[\/et_pb_text][\/et_pb_column][\/et_pb_row][\/et_pb_section][et_pb_section fb_built=&#8220;1&#8243; custom_padding_last_edited=&#8220;on|phone&#8220; _builder_version=&#8220;4.18.0&#8243; _module_preset=&#8220;default&#8220; custom_margin=&#8220;0px||0px||false|false&#8220; custom_padding=&#8220;120px||3px||false|false&#8220; custom_padding_tablet=&#8220;120px||120px||false|false&#8220; custom_padding_phone=&#8220;90px||90px||false|false&#8220; global_colors_info=&#8220;{}&#8220;][et_pb_row column_structure=&#8220;1_2,1_2&#8243; use_custom_gutter=&#8220;on&#8220; gutter_width=&#8220;1&#8243; _builder_version=&#8220;4.18.0&#8243; _module_preset=&#8220;default&#8220; width=&#8220;90%&#8220; max_width=&#8220;1210px&#8220; custom_margin=&#8220;0px||120px||false|false&#8220; custom_margin_tablet=&#8220;0px||120px||false|false&#8220; custom_margin_phone=&#8220;0px||90px||false|false&#8220; custom_margin_last_edited=&#8220;on|phone&#8220; custom_padding=&#8220;0px||0px||false|false&#8220; global_colors_info=&#8220;{}&#8220;][et_pb_column type=&#8220;1_2&#8243; _builder_version=&#8220;4.18.0&#8243; _module_preset=&#8220;default&#8220; animation_style=&#8220;fade&#8220; animation_duration=&#8220;900ms&#8220; animation_speed_curve=&#8220;ease&#8220; global_colors_info=&#8220;{}&#8220;][et_pb_text _builder_version=&#8220;4.23.1&#8243; _module_preset=&#8220;default&#8220; header_2_font=&#8220;DM Sans||||||||&#8220; header_2_text_align=&#8220;left&#8220; header_2_text_color=&#8220;#0e0a28&#8243; header_2_font_size=&#8220;35px&#8220; header_2_letter_spacing=&#8220;-1px&#8220; header_2_line_height=&#8220;1.3em&#8220; background_color=&#8220;RGBA(255,255,255,0)&#8220; max_width=&#8220;430px&#8220; max_width_tablet=&#8220;100%&#8220; max_width_phone=&#8220;100%&#8220; max_width_last_edited=&#8220;on|tablet&#8220; custom_margin=&#8220;0px||16px||false|false&#8220; custom_padding=&#8220;0px||0px||false|false&#8220; header_2_font_size_tablet=&#8220;39px&#8220; header_2_font_size_phone=&#8220;27px&#8220; header_2_font_size_last_edited=&#8220;on|phone&#8220; global_colors_info=&#8220;{}&#8220;]<\/p>\n<h2>Wie arbeiten wir ?<\/h2>\n<p>[\/et_pb_text][\/et_pb_column][et_pb_column type=&#8220;1_2&#8243; _builder_version=&#8220;4.18.0&#8243; _module_preset=&#8220;default&#8220; global_colors_info=&#8220;{}&#8220;][et_pb_text _builder_version=&#8220;4.23.1&#8243; _module_preset=&#8220;default&#8220; text_font=&#8220;Mulish||||||||&#8220; text_text_color=&#8220;#8081a4&#8243; text_font_size=&#8220;16px&#8220; text_line_height=&#8220;1.8em&#8220; max_width_tablet=&#8220;100%&#8220; max_width_phone=&#8220;100%&#8220; max_width_last_edited=&#8220;on|tablet&#8220; custom_margin=&#8220;0px||33px||false|false&#8220; custom_padding=&#8220;0px||0px||false|false&#8220; global_colors_info=&#8220;{}&#8220;]<\/p>\n<p style=\"text-align: justify;\">Als externer Verm\u00f6gensverwalter (oder \u201eDrittverwalter\u201c) agiert Spirit Asset Management in einer dreiseitigen Beziehung, die durch unseren Kunden und unseren Bankpartner erg\u00e4nzt wird. Die Beziehung wird durch die Unterzeichnung eines Verwaltungsmandats vertraglich geregelt, das uns zur Verwaltung der auf einem Bankkonto hinterlegten Verm\u00f6genswerte berechtigt. Dieses Verwaltungsmandat beschr\u00e4nkt sich ausschlie\u00dflich auf die Verwaltung des Portfolios und schlie\u00dft jegliche andere T\u00e4tigkeit unsererseits aus. Alle anderen Bankgesch\u00e4fte (Abhebungen, \u00dcberweisungen usw.) werden von den Kunden direkt mit der Bank abgewickelt. Der Kunde ist Inhaber seines Kontos und kommuniziert mit seiner Bank entsprechend seinen Bed\u00fcrfnissen.<\/p>\n<p style=\"text-align: justify;\">Spirit Asset Management st\u00fctzt sich auf ein solides und zuverl\u00e4ssiges Bankennetzwerk, das in Luxemburg sowie in Deutschland, Belgien und Frankreich aufgebaut wurde.<\/p>\n<p style=\"text-align: justify;\">Jeder unserer Kunden profitiert von einem auf sein Profil und seine Bed\u00fcrfnisse zugeschnittenen Bankangebot.<\/p>\n<p>[\/et_pb_text][\/et_pb_column][\/et_pb_row][\/et_pb_section]<\/p>\n","protected":false},"excerpt":{"rendered":"<p>Spirit Asset Managements S.A.Spirit Asset Management S.A. (\u201eSAM\u201c) ist eine Verm\u00f6gensverwaltungsgesellschaft nach luxemburgischem Recht.\u00dcber S.A.MDas Unternehmen unterliegt der Aufsicht der Commission de Surveillance du Secteur Financier (CSSF) des Gro\u00dfherzogtums Luxemburg und bietet in Zusammenarbeit mit seinen Bankpartnern in Luxemburg und im Ausland eine umfassende Palette von Anlageverwaltungsdienstleistungen an. Dar\u00fcber hinaus beauftragt Spirit Asset Management, das [&hellip;]<\/p>\n","protected":false},"author":1,"featured_media":0,"parent":0,"menu_order":0,"comment_status":"closed","ping_status":"closed","template":"","meta":{"_et_pb_use_builder":"on","_et_pb_old_content":"","_et_gb_content_width":"","footnotes":""},"class_list":["post-84888","page","type-page","status-publish","hentry"],"_links":{"self":[{"href":"https:\/\/spirit-am.ch\/de\/wp-json\/wp\/v2\/pages\/84888","targetHints":{"allow":["GET"]}}],"collection":[{"href":"https:\/\/spirit-am.ch\/de\/wp-json\/wp\/v2\/pages"}],"about":[{"href":"https:\/\/spirit-am.ch\/de\/wp-json\/wp\/v2\/types\/page"}],"author":[{"embeddable":true,"href":"https:\/\/spirit-am.ch\/de\/wp-json\/wp\/v2\/users\/1"}],"replies":[{"embeddable":true,"href":"https:\/\/spirit-am.ch\/de\/wp-json\/wp\/v2\/comments?post=84888"}],"version-history":[{"count":5,"href":"https:\/\/spirit-am.ch\/de\/wp-json\/wp\/v2\/pages\/84888\/revisions"}],"predecessor-version":[{"id":85118,"href":"https:\/\/spirit-am.ch\/de\/wp-json\/wp\/v2\/pages\/84888\/revisions\/85118"}],"wp:attachment":[{"href":"https:\/\/spirit-am.ch\/de\/wp-json\/wp\/v2\/media?parent=84888"}],"curies":[{"name":"wp","href":"https:\/\/api.w.org\/{rel}","templated":true}]}}